{"id":368854,"date":"2023-12-12T12:33:41","date_gmt":"2023-12-12T11:33:41","guid":{"rendered":"https:\/\/tim-trade.si\/schiebewaende\/"},"modified":"2024-06-03T17:01:04","modified_gmt":"2024-06-03T15:01:04","slug":"schiebewaende","status":"publish","type":"page","link":"https:\/\/tim-trade.si\/de\/verkaufsprogramm\/schiebewaende\/","title":{"rendered":"Schiebew\u00e4nde"},"content":{"rendered":"<p>[et_pb_section fb_built=&#8221;1&#8243; custom_padding_last_edited=&#8221;off|desktop&#8221; _builder_version=&#8221;4.22.1&#8243; _module_preset=&#8221;default&#8221; background_color=&#8221;#eeeeee&#8221; custom_padding=&#8221;3px||0px||false|false&#8221; custom_padding_tablet=&#8221;13px||13px||true|false&#8221; custom_padding_phone=&#8221;0px||14px||false|false&#8221; da_disable_devices=&#8221;off|off|off&#8221; box_shadow_style=&#8221;preset3&#8243; box_shadow_blur=&#8221;55px&#8221; box_shadow_color=&#8221;rgba(0,108,71,0.29)&#8221; global_colors_info=&#8221;{}&#8221; da_is_popup=&#8221;off&#8221; da_exit_intent=&#8221;off&#8221; da_has_close=&#8221;on&#8221; da_alt_close=&#8221;off&#8221; da_dark_close=&#8221;off&#8221; da_not_modal=&#8221;on&#8221; da_is_singular=&#8221;off&#8221; da_with_loader=&#8221;off&#8221; da_has_shadow=&#8221;on&#8221;][et_pb_row make_equal=&#8221;on&#8221; custom_padding_last_edited=&#8221;on|phone&#8221; module_class=&#8221;twoX2&#8243; _builder_version=&#8221;4.22.1&#8243; _module_preset=&#8221;default&#8221; width_last_edited=&#8221;off|desktop&#8221; custom_padding=&#8221;14px||14px||true|false&#8221; custom_padding_tablet=&#8221;0px||0px||true|false&#8221; custom_padding_phone=&#8221;14px||0px||false|false&#8221; global_colors_info=&#8221;{}&#8221;][et_pb_column type=&#8221;4_4&#8243; module_class=&#8221;ds-vertical-align&#8221; _builder_version=&#8221;4.22.1&#8243; _module_preset=&#8221;default&#8221; custom_css_main_element=&#8221;width: 15% !important;&#8221; global_colors_info=&#8221;{}&#8221;][et_pb_blurb title=&#8221;SCHIEBEW\u00c4NDE&#8221; icon_placement=&#8221;left&#8221; image_icon_width=&#8221;160px&#8221; image_icon_width_tablet=&#8221;160px&#8221; image_icon_width_phone=&#8221;114px&#8221; image_icon_width_last_edited=&#8221;on|phone&#8221; _builder_version=&#8221;4.22.1&#8243; _module_preset=&#8221;default&#8221; header_text_align=&#8221;left&#8221; header_text_color=&#8221;#244061&#8243; header_font_size=&#8221;32px&#8221; width=&#8221;500px&#8221; width_tablet=&#8221;400px&#8221; width_phone=&#8221;397px&#8221; width_last_edited=&#8221;on|tablet&#8221; header_font_size_tablet=&#8221;32px&#8221; header_font_size_phone=&#8221;25px&#8221; header_font_size_last_edited=&#8221;on|phone&#8221; custom_css_blurb_title=&#8221;padding-top:70px;||padding-left:15px;&#8221; border_radii_image=&#8221;on|11px|11px|11px|11px&#8221; global_colors_info=&#8221;{}&#8221; custom_css_blurb_title_last_edited=&#8221;on|phone&#8221; custom_css_blurb_title_phone=&#8221;padding-top:50px;||padding-left:10px;&#8221; custom_css_blurb_title_tablet=&#8221;padding-top:70px;||padding-left:15px;&#8221;][\/et_pb_blurb][\/et_pb_column][\/et_pb_row][\/et_pb_section][et_pb_section fb_built=&#8221;1&#8243; _builder_version=&#8221;4.22.1&#8243; _module_preset=&#8221;default&#8221; da_disable_devices=&#8221;off|off|off&#8221; global_colors_info=&#8221;{}&#8221; da_is_popup=&#8221;off&#8221; da_exit_intent=&#8221;off&#8221; da_has_close=&#8221;on&#8221; da_alt_close=&#8221;off&#8221; da_dark_close=&#8221;off&#8221; da_not_modal=&#8221;on&#8221; da_is_singular=&#8221;off&#8221; da_with_loader=&#8221;off&#8221; da_has_shadow=&#8221;on&#8221;][et_pb_row column_structure=&#8221;1_2,1_2&#8243; use_custom_gutter=&#8221;on&#8221; gutter_width=&#8221;1&#8243; make_equal=&#8221;on&#8221; admin_label=&#8221;Case Study Row&#8221; module_class=&#8221;custom_row&#8221; _builder_version=&#8221;4.22.1&#8243; custom_margin=&#8221;50px||||false|false&#8221; custom_padding=&#8221;0px||0px||true|false&#8221; box_shadow_style=&#8221;preset1&#8243; box_shadow_blur=&#8221;55px&#8221; box_shadow_color=&#8221;rgba(0,0,0,0.1)&#8221; global_colors_info=&#8221;{}&#8221;][et_pb_column type=&#8221;1_2&#8243; module_id=&#8221;second-on-mobile&#8221; module_class=&#8221;ds-vertical-align&#8221; _builder_version=&#8221;4.20.0&#8243; background_color=&#8221;#ffffff&#8221; custom_padding=&#8221;|60px||60px|false|false&#8221; custom_padding_tablet=&#8221;40px|40px|40px|40px|false|false&#8221; custom_padding_phone=&#8221;30px|30px|30px|30px|false|false&#8221; custom_padding_last_edited=&#8221;on|phone&#8221; global_colors_info=&#8221;{}&#8221; custom_padding__hover=&#8221;|||&#8221;][et_pb_cta button_url=&#8221;#top&#8221; admin_label=&#8221;Title Paragraph &#038; CTA Button&#8221; _builder_version=&#8221;4.22.1&#8243; header_level=&#8221;h3&#8243; header_font=&#8221;Poppins|700|||||||&#8221; header_font_size=&#8221;20px&#8221; header_line_height=&#8221;1.2em&#8221; body_text_color=&#8221;#244061&#8243; use_background_color=&#8221;off&#8221; custom_button=&#8221;on&#8221; button_text_size=&#8221;18px&#8221; button_text_color=&#8221;#ffffff&#8221; button_bg_color=&#8221;#FF00DD&#8221; button_border_color=&#8221;#f4583f&#8221; button_border_radius=&#8221;0px&#8221; button_font=&#8221;Poppins|700|||||||&#8221; button_icon=&#8221;&#x24;||divi||400&#8243; button_custom_padding=&#8221;8px||8px||true|false&#8221; text_orientation=&#8221;left&#8221; background_layout=&#8221;light&#8221; custom_padding=&#8221;|||&#8221; header_font_size_tablet=&#8221;&#8221; header_font_size_phone=&#8221;15px&#8221; header_font_size_last_edited=&#8221;on|phone&#8221; button_border_radius_hover=&#8221;0px&#8221; global_colors_info=&#8221;{}&#8221; button_text_size__hover_enabled=&#8221;off&#8221; button_one_text_size__hover_enabled=&#8221;off&#8221; button_two_text_size__hover_enabled=&#8221;off&#8221; button_text_color__hover_enabled=&#8221;off&#8221; button_one_text_color__hover_enabled=&#8221;off&#8221; button_two_text_color__hover_enabled=&#8221;off&#8221; button_border_width__hover_enabled=&#8221;off&#8221; button_one_border_width__hover_enabled=&#8221;off&#8221; button_two_border_width__hover_enabled=&#8221;off&#8221; button_border_color__hover_enabled=&#8221;off&#8221; button_one_border_color__hover_enabled=&#8221;off&#8221; button_two_border_color__hover_enabled=&#8221;off&#8221; button_border_radius__hover_enabled=&#8221;on&#8221; button_border_radius__hover=&#8221;0px&#8221; button_one_border_radius__hover_enabled=&#8221;off&#8221; button_two_border_radius__hover_enabled=&#8221;off&#8221; button_letter_spacing__hover_enabled=&#8221;off&#8221; button_one_letter_spacing__hover_enabled=&#8221;off&#8221; button_two_letter_spacing__hover_enabled=&#8221;off&#8221; button_bg_color__hover_enabled=&#8221;off&#8221; button_one_bg_color__hover_enabled=&#8221;off&#8221; button_two_bg_color__hover_enabled=&#8221;off&#8221;]<\/p>\n<p>Wohnr\u00e4ume haben gro\u00dfes Potenzial. Nutzen Sie ihn mit Schiebe- und Hebe-Schiebew\u00e4nden aus, die den Wohnraum optisch erweitern. Genie\u00dfen Sie hinter geschlossenen W\u00e4nden eine perfekte W\u00e4rmed\u00e4mmung und ein hohes Ma\u00df an Sicherheit.<br \/>\nDurch die gro\u00dfen Glasfl\u00e4chen erhalten Sie einen echten Mehrwert und bringen besondere Freude in den Alltag.<\/p>\n<p>[\/et_pb_cta][\/et_pb_column][et_pb_column type=&#8221;1_2&#8243; module_id=&#8221;first-on-mobile&#8221; _builder_version=&#8221;4.22.1&#8243; background_image=&#8221;https:\/\/tim-trade.si\/wp-content\/uploads\/2023\/12\/drsne-stene2_tim-trade.webp&#8221; custom_padding=&#8221;|||&#8221; global_colors_info=&#8221;{}&#8221; custom_padding__hover=&#8221;|||&#8221;][et_pb_divider show_divider=&#8221;off&#8221; _builder_version=&#8221;4.20.0&#8243; _module_preset=&#8221;default&#8221; min_height=&#8221;300px&#8221; global_colors_info=&#8221;{}&#8221;][\/et_pb_divider][\/et_pb_column][\/et_pb_row][et_pb_row column_structure=&#8221;1_2,1_2&#8243; use_custom_gutter=&#8221;on&#8221; gutter_width=&#8221;1&#8243; make_equal=&#8221;on&#8221; admin_label=&#8221;Case Study Row&#8221; _builder_version=&#8221;4.22.1&#8243; custom_margin=&#8221;50px||||false|false&#8221; custom_padding=&#8221;0px||0px||true|false&#8221; box_shadow_style=&#8221;preset1&#8243; box_shadow_blur=&#8221;55px&#8221; box_shadow_color=&#8221;rgba(0,0,0,0.1)&#8221; global_colors_info=&#8221;{}&#8221;][et_pb_column type=&#8221;1_2&#8243; _builder_version=&#8221;4.22.1&#8243; background_image=&#8221;https:\/\/tim-trade.si\/wp-content\/uploads\/2023\/12\/drsne-stene_tim-trade.webp&#8221; custom_padding=&#8221;|||&#8221; global_colors_info=&#8221;{}&#8221; custom_padding__hover=&#8221;|||&#8221;][et_pb_divider show_divider=&#8221;off&#8221; _builder_version=&#8221;4.20.0&#8243; _module_preset=&#8221;default&#8221; min_height=&#8221;300px&#8221; global_colors_info=&#8221;{}&#8221;][\/et_pb_divider][et_pb_code _builder_version=&#8221;4.20.0&#8243; _module_preset=&#8221;default&#8221; global_colors_info=&#8221;{}&#8221;]<\/p>\n<style><!-- [et_pb_line_break_holder] -->@media all and (max-width: 980px) {<!-- [et_pb_line_break_holder] -->\/*** wrap row in a flex box ***\/<!-- [et_pb_line_break_holder] -->.custom_row {<!-- [et_pb_line_break_holder] -->  display: -webkit-box;<!-- [et_pb_line_break_holder] -->  display: -moz-box;<!-- [et_pb_line_break_holder] -->  display: -ms-flexbox;<!-- [et_pb_line_break_holder] -->  display: -webkit-flex;<!-- [et_pb_line_break_holder] -->  display: flex;<!-- [et_pb_line_break_holder] -->-webkit-flex-wrap: wrap; \/* Safari 6.1+ *\/<!-- [et_pb_line_break_holder] -->flex-wrap: wrap;<!-- [et_pb_line_break_holder] -->}<!-- [et_pb_line_break_holder] --> <!-- [et_pb_line_break_holder] -->\/*** custom classes that will designate the order of columns in the flex box row ***\/<!-- [et_pb_line_break_holder] -->#first-on-mobile {<!-- [et_pb_line_break_holder] -->-webkit-order: 1;<!-- [et_pb_line_break_holder] -->order: 1;<!-- [et_pb_line_break_holder] -->}<!-- [et_pb_line_break_holder] --> <!-- [et_pb_line_break_holder] -->#second-on-mobile {<!-- [et_pb_line_break_holder] -->-webkit-order: 2;<!-- [et_pb_line_break_holder] -->order: 2;<!-- [et_pb_line_break_holder] -->}<!-- [et_pb_line_break_holder] --> <!-- [et_pb_line_break_holder] -->#third-on-mobile {<!-- [et_pb_line_break_holder] -->-webkit-order: 3;<!-- [et_pb_line_break_holder] -->order: 3;<!-- [et_pb_line_break_holder] -->}<!-- [et_pb_line_break_holder] --> <!-- [et_pb_line_break_holder] -->#fourth-on-mobile {<!-- [et_pb_line_break_holder] -->-webkit-order: 4;<!-- [et_pb_line_break_holder] -->order: 4;<!-- [et_pb_line_break_holder] -->}<!-- [et_pb_line_break_holder] -->\/*** add margin to last column ***\/<!-- [et_pb_line_break_holder] -->.custom_row:last-child .et_pb_column:last-child {<!-- [et_pb_line_break_holder] -->margin-bottom: 30px;<!-- [et_pb_line_break_holder] -->}<!-- [et_pb_line_break_holder] --> <!-- [et_pb_line_break_holder] -->}<!-- [et_pb_line_break_holder] --><\/style>\n<p>[\/et_pb_code][\/et_pb_column][et_pb_column type=&#8221;1_2&#8243; module_class=&#8221;ds-vertical-align&#8221; _builder_version=&#8221;4.20.0&#8243; background_color=&#8221;#ffffff&#8221; custom_padding=&#8221;|60px||60px|false|false&#8221; custom_padding_tablet=&#8221;40px|40px|40px|40px|false|false&#8221; custom_padding_phone=&#8221;30px|30px|30px|30px|false|false&#8221; custom_padding_last_edited=&#8221;on|tablet&#8221; global_colors_info=&#8221;{}&#8221; custom_padding__hover=&#8221;|||&#8221;][et_pb_cta button_url=&#8221;#top&#8221; admin_label=&#8221;Title Paragraph &#038; CTA Button&#8221; _builder_version=&#8221;4.22.1&#8243; header_level=&#8221;h3&#8243; header_font=&#8221;Poppins|700|||||||&#8221; header_font_size=&#8221;20px&#8221; header_line_height=&#8221;1.2em&#8221; body_text_color=&#8221;#244061&#8243; use_background_color=&#8221;off&#8221; custom_button=&#8221;on&#8221; button_text_size=&#8221;18px&#8221; button_text_color=&#8221;#ffffff&#8221; button_bg_color=&#8221;#FF00DD&#8221; button_border_color=&#8221;#f4583f&#8221; button_border_radius=&#8221;0px&#8221; button_font=&#8221;Poppins|700|||||||&#8221; button_icon=&#8221;&#x24;||divi||400&#8243; button_custom_padding=&#8221;8px||8px||true|false&#8221; text_orientation=&#8221;left&#8221; background_layout=&#8221;light&#8221; custom_padding=&#8221;|||&#8221; header_font_size_tablet=&#8221;&#8221; header_font_size_phone=&#8221;15px&#8221; header_font_size_last_edited=&#8221;on|phone&#8221; button_border_radius_hover=&#8221;0px&#8221; global_colors_info=&#8221;{}&#8221; button_text_size__hover_enabled=&#8221;off&#8221; button_one_text_size__hover_enabled=&#8221;off&#8221; button_two_text_size__hover_enabled=&#8221;off&#8221; button_text_color__hover_enabled=&#8221;off&#8221; button_one_text_color__hover_enabled=&#8221;off&#8221; button_two_text_color__hover_enabled=&#8221;off&#8221; button_border_width__hover_enabled=&#8221;off&#8221; button_one_border_width__hover_enabled=&#8221;off&#8221; button_two_border_width__hover_enabled=&#8221;off&#8221; button_border_color__hover_enabled=&#8221;off&#8221; button_one_border_color__hover_enabled=&#8221;off&#8221; button_two_border_color__hover_enabled=&#8221;off&#8221; button_border_radius__hover_enabled=&#8221;on&#8221; button_border_radius__hover=&#8221;0px&#8221; button_one_border_radius__hover_enabled=&#8221;off&#8221; button_two_border_radius__hover_enabled=&#8221;off&#8221; button_letter_spacing__hover_enabled=&#8221;off&#8221; button_one_letter_spacing__hover_enabled=&#8221;off&#8221; button_two_letter_spacing__hover_enabled=&#8221;off&#8221; button_bg_color__hover_enabled=&#8221;off&#8221; button_one_bg_color__hover_enabled=&#8221;off&#8221; button_two_bg_color__hover_enabled=&#8221;off&#8221;]<\/p>\n<p>Die Schiebe- und Hebe-Schiebet\u00fcrsysteme erm\u00f6glichen riesige Glasfl\u00e4chen, ohne dass st\u00f6rende St\u00fctzen die Aussicht beeintr\u00e4chtigen. Deshalb ist die richtige Wahl des Glases, das zugleich eine hohe W\u00e4rmed\u00e4mmung, Festigkeit und Sicherheit gew\u00e4hrleistet, von gro\u00dfer Wichtigkeit.<\/p>\n<p>[\/et_pb_cta][\/et_pb_column][\/et_pb_row][et_pb_row column_structure=&#8221;1_2,1_2&#8243; use_custom_gutter=&#8221;on&#8221; gutter_width=&#8221;1&#8243; make_equal=&#8221;on&#8221; admin_label=&#8221;Case Study Row&#8221; module_class=&#8221;custom_row&#8221; _builder_version=&#8221;4.22.1&#8243; custom_margin=&#8221;50px||||false|false&#8221; custom_padding=&#8221;0px||0px||true|false&#8221; box_shadow_style=&#8221;preset1&#8243; box_shadow_blur=&#8221;55px&#8221; box_shadow_color=&#8221;rgba(0,0,0,0.1)&#8221; global_colors_info=&#8221;{}&#8221;][et_pb_column type=&#8221;1_2&#8243; module_id=&#8221;second-on-mobile&#8221; module_class=&#8221;ds-vertical-align&#8221; _builder_version=&#8221;4.20.0&#8243; background_color=&#8221;#ffffff&#8221; custom_padding=&#8221;|60px||60px|false|false&#8221; custom_padding_tablet=&#8221;40px|40px|40px|40px|false|false&#8221; custom_padding_phone=&#8221;30px|30px|30px|30px|false|false&#8221; custom_padding_last_edited=&#8221;on|phone&#8221; global_colors_info=&#8221;{}&#8221; custom_padding__hover=&#8221;|||&#8221;][et_pb_cta button_url=&#8221;#top&#8221; admin_label=&#8221;Title Paragraph &#038; CTA Button&#8221; _builder_version=&#8221;4.22.1&#8243; header_level=&#8221;h3&#8243; header_font=&#8221;Poppins|700|||||||&#8221; header_font_size=&#8221;20px&#8221; header_line_height=&#8221;1.2em&#8221; body_text_color=&#8221;#244061&#8243; use_background_color=&#8221;off&#8221; custom_button=&#8221;on&#8221; button_text_size=&#8221;18px&#8221; button_text_color=&#8221;#ffffff&#8221; button_bg_color=&#8221;#FF00DD&#8221; button_border_color=&#8221;#f4583f&#8221; button_border_radius=&#8221;0px&#8221; button_font=&#8221;Poppins|700|||||||&#8221; button_icon=&#8221;&#x24;||divi||400&#8243; button_custom_padding=&#8221;8px||8px||true|false&#8221; text_orientation=&#8221;left&#8221; background_layout=&#8221;light&#8221; custom_padding=&#8221;|||&#8221; header_font_size_tablet=&#8221;&#8221; header_font_size_phone=&#8221;15px&#8221; header_font_size_last_edited=&#8221;on|phone&#8221; button_border_radius_hover=&#8221;0px&#8221; global_colors_info=&#8221;{}&#8221; button_text_size__hover_enabled=&#8221;off&#8221; button_one_text_size__hover_enabled=&#8221;off&#8221; button_two_text_size__hover_enabled=&#8221;off&#8221; button_text_color__hover_enabled=&#8221;off&#8221; button_one_text_color__hover_enabled=&#8221;off&#8221; button_two_text_color__hover_enabled=&#8221;off&#8221; button_border_width__hover_enabled=&#8221;off&#8221; button_one_border_width__hover_enabled=&#8221;off&#8221; button_two_border_width__hover_enabled=&#8221;off&#8221; button_border_color__hover_enabled=&#8221;off&#8221; button_one_border_color__hover_enabled=&#8221;off&#8221; button_two_border_color__hover_enabled=&#8221;off&#8221; button_border_radius__hover_enabled=&#8221;on&#8221; button_border_radius__hover=&#8221;0px&#8221; button_one_border_radius__hover_enabled=&#8221;off&#8221; button_two_border_radius__hover_enabled=&#8221;off&#8221; button_letter_spacing__hover_enabled=&#8221;off&#8221; button_one_letter_spacing__hover_enabled=&#8221;off&#8221; button_two_letter_spacing__hover_enabled=&#8221;off&#8221; button_bg_color__hover_enabled=&#8221;off&#8221; button_one_bg_color__hover_enabled=&#8221;off&#8221; button_two_bg_color__hover_enabled=&#8221;off&#8221;]<\/p>\n<p>Dank der erstklassigen Baustoffe und technische Perfektion der Schiebesysteme sind eine Vielzahl von Wandgestaltungsm\u00f6glichkeiten m\u00f6glich.<\/p>\n<p>Selbst Kund*innen mit h\u00f6chsten Anspr\u00fcchen sind von der einfachen Bedienung der gro\u00dfen Schiebew\u00e4nde und ihrer Funktionalit\u00e4t begeistert.<\/p>\n<p>[\/et_pb_cta][\/et_pb_column][et_pb_column type=&#8221;1_2&#8243; module_id=&#8221;first-on-mobile&#8221; _builder_version=&#8221;4.22.1&#8243; background_image=&#8221;https:\/\/tim-trade.si\/wp-content\/uploads\/2023\/12\/drsne-stene1_tim-trade.webp&#8221; custom_padding=&#8221;|||&#8221; global_colors_info=&#8221;{}&#8221; custom_padding__hover=&#8221;|||&#8221;][et_pb_divider show_divider=&#8221;off&#8221; _builder_version=&#8221;4.20.0&#8243; _module_preset=&#8221;default&#8221; min_height=&#8221;300px&#8221; global_colors_info=&#8221;{}&#8221;][\/et_pb_divider][\/et_pb_column][\/et_pb_row][\/et_pb_section][et_pb_section fb_built=&#8221;1&#8243; _builder_version=&#8221;4.22.1&#8243; _module_preset=&#8221;default&#8221; da_disable_devices=&#8221;off|off|off&#8221; global_colors_info=&#8221;{}&#8221; da_is_popup=&#8221;off&#8221; da_exit_intent=&#8221;off&#8221; da_has_close=&#8221;on&#8221; da_alt_close=&#8221;off&#8221; da_dark_close=&#8221;off&#8221; da_not_modal=&#8221;on&#8221; da_is_singular=&#8221;off&#8221; da_with_loader=&#8221;off&#8221; da_has_shadow=&#8221;on&#8221;][et_pb_row column_structure=&#8221;1_2,1_2&#8243; _builder_version=&#8221;4.22.1&#8243; _module_preset=&#8221;default&#8221; global_colors_info=&#8221;{}&#8221;][et_pb_column type=&#8221;1_2&#8243; _builder_version=&#8221;4.22.1&#8243; _module_preset=&#8221;default&#8221; global_colors_info=&#8221;{}&#8221;][et_pb_text _builder_version=&#8221;4.22.1&#8243; _module_preset=&#8221;default&#8221; header_text_align=&#8221;center&#8221; header_2_text_align=&#8221;center&#8221; header_2_text_color=&#8221;#244061&#8243; link_option_url=&#8221;https:\/\/tim-trade.si\/de\/verkaufsprogramm\/schiebewaende\/alu-schiebewaende\/&#8221; link_option_url_new_window=&#8221;on&#8221; hover_enabled=&#8221;0&#8243; global_colors_info=&#8221;{}&#8221; sticky_enabled=&#8221;0&#8243;]<\/p>\n<h2>ALU Schiebew\u00e4nde &#8211; HEROAL<\/h2>\n<p>[\/et_pb_text][et_pb_image src=&#8221;https:\/\/tim-trade.si\/wp-content\/uploads\/2023\/12\/heroal-logo-1.jpg&#8221; title_text=&#8221;heroal logo&#8221; url=&#8221;https:\/\/tim-trade.si\/de\/verkaufsprogramm\/schiebewaende\/alu-schiebewaende\/&#8221; align=&#8221;center&#8221; _builder_version=&#8221;4.22.1&#8243; _module_preset=&#8221;default&#8221; hover_enabled=&#8221;0&#8243; global_colors_info=&#8221;{}&#8221; sticky_enabled=&#8221;0&#8243;][\/et_pb_image][\/et_pb_column][et_pb_column type=&#8221;1_2&#8243; _builder_version=&#8221;4.22.1&#8243; _module_preset=&#8221;default&#8221; global_colors_info=&#8221;{}&#8221;][et_pb_text _builder_version=&#8221;4.22.1&#8243; _module_preset=&#8221;default&#8221; header_2_text_align=&#8221;center&#8221; header_2_text_color=&#8221;#244061&#8243; link_option_url=&#8221;https:\/\/tim-trade.si\/de\/verkaufsprogramm\/schiebewaende\/pvc-schiebewaende\/&#8221; link_option_url_new_window=&#8221;on&#8221; hover_enabled=&#8221;0&#8243; global_colors_info=&#8221;{}&#8221; sticky_enabled=&#8221;0&#8243;]<\/p>\n<h2>PVC Schiebew\u00e4nde &#8211; VEKAMOTION 82<\/h2>\n<p>[\/et_pb_text][et_pb_image src=&#8221;https:\/\/tim-trade.si\/wp-content\/uploads\/2023\/11\/veka-logo.png&#8221; title_text=&#8221;veka-logo&#8221; url=&#8221;https:\/\/tim-trade.si\/de\/verkaufsprogramm\/schiebewaende\/pvc-schiebewaende\/&#8221; align=&#8221;center&#8221; _builder_version=&#8221;4.22.1&#8243; _module_preset=&#8221;default&#8221; global_colors_info=&#8221;{}&#8221;][\/et_pb_image][\/et_pb_column][\/et_pb_row][\/et_pb_section]<\/p>\n","protected":false},"excerpt":{"rendered":"<p>Wohnr\u00e4ume haben gro\u00dfes Potenzial. Nutzen Sie ihn mit Schiebe- und Hebe-Schiebew\u00e4nden aus, die den Wohnraum optisch erweitern. Genie\u00dfen Sie hinter geschlossenen W\u00e4nden eine perfekte W\u00e4rmed\u00e4mmung und ein hohes Ma\u00df an Sicherheit. Durch die gro\u00dfen Glasfl\u00e4chen erhalten Sie einen echten Mehrwert und bringen besondere Freude in den Alltag.Die Schiebe- und Hebe-Schiebet\u00fcrsysteme erm\u00f6glichen riesige Glasfl\u00e4chen, ohne dass [&hellip;]<\/p>\n","protected":false},"author":1,"featured_media":0,"parent":368886,"menu_order":0,"comment_status":"closed","ping_status":"closed","template":"","meta":{"_seopress_robots_primary_cat":"","_seopress_titles_title":"","_seopress_titles_desc":"","_seopress_robots_index":"","_et_pb_use_builder":"on","_et_pb_old_content":"","_et_gb_content_width":"","footnotes":""},"class_list":["post-368854","page","type-page","status-publish","hentry"],"_links":{"self":[{"href":"https:\/\/tim-trade.si\/de\/wp-json\/wp\/v2\/pages\/368854","targetHints":{"allow":["GET"]}}],"collection":[{"href":"https:\/\/tim-trade.si\/de\/wp-json\/wp\/v2\/pages"}],"about":[{"href":"https:\/\/tim-trade.si\/de\/wp-json\/wp\/v2\/types\/page"}],"author":[{"embeddable":true,"href":"https:\/\/tim-trade.si\/de\/wp-json\/wp\/v2\/users\/1"}],"replies":[{"embeddable":true,"href":"https:\/\/tim-trade.si\/de\/wp-json\/wp\/v2\/comments?post=368854"}],"version-history":[{"count":4,"href":"https:\/\/tim-trade.si\/de\/wp-json\/wp\/v2\/pages\/368854\/revisions"}],"predecessor-version":[{"id":368944,"href":"https:\/\/tim-trade.si\/de\/wp-json\/wp\/v2\/pages\/368854\/revisions\/368944"}],"up":[{"embeddable":true,"href":"https:\/\/tim-trade.si\/de\/wp-json\/wp\/v2\/pages\/368886"}],"wp:attachment":[{"href":"https:\/\/tim-trade.si\/de\/wp-json\/wp\/v2\/media?parent=368854"}],"curies":[{"name":"wp","href":"https:\/\/api.w.org\/{rel}","templated":true}]}}